{"id":21704,"date":"2023-01-04T10:50:34","date_gmt":"2023-01-04T09:50:34","guid":{"rendered":"https:\/\/www.vision-components.com\/?page_id=21704"},"modified":"2024-06-27T15:01:51","modified_gmt":"2024-06-27T13:01:51","slug":"uebersetzung","status":"publish","type":"page","link":"https:\/\/www.vision-components.com\/en\/uebersetzung\/","title":{"rendered":"\u00dcbersetzung"},"content":{"rendered":"<div data-elementor-type=\"wp-page\" data-elementor-id=\"21704\" class=\"elementor elementor-21704\" data-elementor-post-type=\"page\">\n\t\t\t\t\t\t<section class=\"elementor-section elementor-top-section elementor-element elementor-element-4227e14 elementor-section-boxed elementor-section-height-default elementor-section-height-default\" data-id=\"4227e14\" data-element_type=\"section\" data-e-type=\"section\">\n\t\t\t\t\t\t<div class=\"elementor-container elementor-column-gap-default\">\n\t\t\t\t\t<div class=\"elementor-column elementor-col-100 elementor-top-column elementor-element elementor-element-0c21673\" data-id=\"0c21673\" data-element_type=\"column\" data-e-type=\"column\">\n\t\t\t<div class=\"elementor-widget-wrap elementor-element-populated\">\n\t\t\t\t\t\t<div class=\"elementor-element elementor-element-1748206 elementor-widget elementor-widget-text-editor\" data-id=\"1748206\" data-element_type=\"widget\" data-e-type=\"widget\" data-widget_type=\"text-editor.default\">\n\t\t\t\t<div class=\"elementor-widget-container\">\n\t\t\t\t\t\t\t\t\tCustomize privacy settings\t\t\t\t\t\t\t\t<\/div>\n\t\t\t\t<\/div>\n\t\t\t\t<div class=\"elementor-element elementor-element-fba5733 elementor-widget elementor-widget-text-editor\" data-id=\"fba5733\" data-element_type=\"widget\" data-e-type=\"widget\" data-widget_type=\"text-editor.default\">\n\t\t\t\t<div class=\"elementor-widget-container\">\n\t\t\t\t\t\t\t\t\tConfirm individual selection\t\t\t\t\t\t\t\t<\/div>\n\t\t\t\t<\/div>\n\t\t\t\t\t<\/div>\n\t\t<\/div>\n\t\t\t\t\t<\/div>\n\t\t<\/section>\n\t\t\t\t<section class=\"elementor-section elementor-top-section elementor-element elementor-element-f28e603 elementor-section-boxed elementor-section-height-default elementor-section-height-default\" data-id=\"f28e603\" data-element_type=\"section\" data-e-type=\"section\">\n\t\t\t\t\t\t<div class=\"elementor-container elementor-column-gap-default\">\n\t\t\t\t\t<div class=\"elementor-column elementor-col-100 elementor-top-column elementor-element elementor-element-a01ce77\" data-id=\"a01ce77\" data-element_type=\"column\" data-e-type=\"column\">\n\t\t\t<div class=\"elementor-widget-wrap elementor-element-populated\">\n\t\t\t\t\t\t<div class=\"elementor-element elementor-element-d794afc elementor-widget elementor-widget-text-editor\" data-id=\"d794afc\" data-element_type=\"widget\" data-e-type=\"widget\" data-widget_type=\"text-editor.default\">\n\t\t\t\t<div class=\"elementor-widget-container\">\n\t\t\t\t\t\t\t\t\tare necessary for the basic functions of the website and therefore cannot be disabled.\t\t\t\t\t\t\t\t<\/div>\n\t\t\t\t<\/div>\n\t\t\t\t\t<\/div>\n\t\t<\/div>\n\t\t\t\t\t<\/div>\n\t\t<\/section>\n\t\t\t\t<section class=\"elementor-section elementor-top-section elementor-element elementor-element-62bf3ea elementor-section-boxed elementor-section-height-default elementor-section-height-default\" data-id=\"62bf3ea\" data-element_type=\"section\" data-e-type=\"section\">\n\t\t\t\t\t\t<div class=\"elementor-container elementor-column-gap-default\">\n\t\t\t\t\t<div class=\"elementor-column elementor-col-100 elementor-top-column elementor-element elementor-element-4eb65fa\" data-id=\"4eb65fa\" data-element_type=\"column\" data-e-type=\"column\">\n\t\t\t<div class=\"elementor-widget-wrap elementor-element-populated\">\n\t\t\t\t\t\t<div class=\"elementor-element elementor-element-99074fc elementor-widget elementor-widget-text-editor\" data-id=\"99074fc\" data-element_type=\"widget\" data-e-type=\"widget\" data-widget_type=\"text-editor.default\">\n\t\t\t\t<div class=\"elementor-widget-container\">\n\t\t\t\t\t\t\t\t\t<p>Service information<\/p>\t\t\t\t\t\t\t\t<\/div>\n\t\t\t\t<\/div>\n\t\t\t\t\t<\/div>\n\t\t<\/div>\n\t\t\t\t\t<\/div>\n\t\t<\/section>\n\t\t\t\t<section class=\"elementor-section elementor-top-section elementor-element elementor-element-1844216 elementor-section-boxed elementor-section-height-default elementor-section-height-default\" data-id=\"1844216\" data-element_type=\"section\" data-e-type=\"section\">\n\t\t\t\t\t\t<div class=\"elementor-container elementor-column-gap-default\">\n\t\t\t\t\t<div class=\"elementor-column elementor-col-100 elementor-top-column elementor-element elementor-element-b4d9bd1\" data-id=\"b4d9bd1\" data-element_type=\"column\" data-e-type=\"column\">\n\t\t\t<div class=\"elementor-widget-wrap elementor-element-populated\">\n\t\t\t\t\t\t<div class=\"elementor-element elementor-element-410dde8 elementor-widget elementor-widget-text-editor\" data-id=\"410dde8\" data-element_type=\"widget\" data-e-type=\"widget\" data-widget_type=\"text-editor.default\">\n\t\t\t\t<div class=\"elementor-widget-container\">\n\t\t\t\t\t\t\t\t\tprovide us with anonymized data to analyze website usage so that we can measure and improve its performance.\t\t\t\t\t\t\t\t<\/div>\n\t\t\t\t<\/div>\n\t\t\t\t\t<\/div>\n\t\t<\/div>\n\t\t\t\t\t<\/div>\n\t\t<\/section>\n\t\t\t\t<section class=\"elementor-section elementor-top-section elementor-element elementor-element-7d20fbf elementor-section-boxed elementor-section-height-default elementor-section-height-default\" data-id=\"7d20fbf\" data-element_type=\"section\" data-e-type=\"section\">\n\t\t\t\t\t\t<div class=\"elementor-container elementor-column-gap-default\">\n\t\t\t\t\t<div class=\"elementor-column elementor-col-100 elementor-top-column elementor-element elementor-element-f301294\" data-id=\"f301294\" data-element_type=\"column\" data-e-type=\"column\">\n\t\t\t<div class=\"elementor-widget-wrap elementor-element-populated\">\n\t\t\t\t\t\t<div class=\"elementor-element elementor-element-fbe49ce elementor-widget elementor-widget-text-editor\" data-id=\"fbe49ce\" data-element_type=\"widget\" data-e-type=\"widget\" data-widget_type=\"text-editor.default\">\n\t\t\t\t<div class=\"elementor-widget-container\">\n\t\t\t\t\t\t\t\t\thttps:\/\/www.vision-components.com\/en\/m&#038;\/#97;ilto:info@vision-components.com\t\t\t\t\t\t\t\t<\/div>\n\t\t\t\t<\/div>\n\t\t\t\t\t<\/div>\n\t\t<\/div>\n\t\t\t\t\t<\/div>\n\t\t<\/section>\n\t\t\t\t<section class=\"elementor-section elementor-top-section elementor-element elementor-element-17d00a6 elementor-section-boxed elementor-section-height-default elementor-section-height-default\" data-id=\"17d00a6\" data-element_type=\"section\" data-e-type=\"section\">\n\t\t\t\t\t\t<div class=\"elementor-container elementor-column-gap-default\">\n\t\t\t\t\t<div class=\"elementor-column elementor-col-100 elementor-top-column elementor-element elementor-element-dd4a7eb\" data-id=\"dd4a7eb\" data-element_type=\"column\" data-e-type=\"column\">\n\t\t\t<div class=\"elementor-widget-wrap elementor-element-populated\">\n\t\t\t\t\t\t<div class=\"elementor-element elementor-element-1134c5b elementor-widget elementor-widget-text-editor\" data-id=\"1134c5b\" data-element_type=\"widget\" data-e-type=\"widget\" data-widget_type=\"text-editor.default\">\n\t\t\t\t<div class=\"elementor-widget-container\">\n\t\t\t\t\t\t\t\t\t<p>mailto:info@vision-components.com<\/p>\t\t\t\t\t\t\t\t<\/div>\n\t\t\t\t<\/div>\n\t\t\t\t\t<\/div>\n\t\t<\/div>\n\t\t\t\t\t<\/div>\n\t\t<\/section>\n\t\t\t\t<\/div>","protected":false},"excerpt":{"rendered":"<p>Privatsph\u00e4re-Einstellungen individuell festlegenIndividuelle Auswahl best\u00e4tigensind f\u00fcr die grundlegende Funktionen der Website erforderlich und k\u00f6nnen daher nicht deaktiviert werden. Service-Informationen liefern uns anonymisierte Daten zur Analyse der Website-Nutzung, damit wir deren Leistung messen und verbessern k\u00f6nnen.https:\/\/www.vision-components.com\/en\/m&#038;\/#97;ilto:info@vision-components.com mailto:info@vision-components.com<\/p>","protected":false},"author":1,"featured_media":0,"parent":0,"menu_order":2,"comment_status":"closed","ping_status":"closed","template":"","meta":{"_acf_changed":false,"inline_featured_image":false,"footnotes":""},"class_list":["post-21704","page","type-page","status-publish","hentry"],"acf":[],"yoast_head":"<!-- This site is optimized with the Yoast SEO plugin v27.3 - https:\/\/yoast.com\/product\/yoast-seo-wordpress\/ -->\n<title>\u00dcbersetzung - Vision Components<\/title>\n<meta name=\"robots\" content=\"index, nofollow, max-snippet:-1, max-image-preview:large, max-video-preview:-1\" \/>\n<link rel=\"canonical\" href=\"https:\/\/www.vision-components.com\/en\/uebersetzung\/\" \/>\n<meta name=\"twitter:label1\" content=\"Estimated reading time\" \/>\n\t<meta name=\"twitter:data1\" content=\"1 minute\" \/>\n<script type=\"application\/ld+json\" class=\"yoast-schema-graph\">{\"@context\":\"https:\\\/\\\/schema.org\",\"@graph\":[{\"@type\":\"WebPage\",\"@id\":\"https:\\\/\\\/www.vision-components.com\\\/uebersetzung\\\/\",\"url\":\"https:\\\/\\\/www.vision-components.com\\\/uebersetzung\\\/\",\"name\":\"\u00dcbersetzung - Vision Components\",\"isPartOf\":{\"@id\":\"https:\\\/\\\/www.vision-components.com\\\/#website\"},\"datePublished\":\"2023-01-04T09:50:34+00:00\",\"dateModified\":\"2024-06-27T13:01:51+00:00\",\"breadcrumb\":{\"@id\":\"https:\\\/\\\/www.vision-components.com\\\/uebersetzung\\\/#breadcrumb\"},\"inLanguage\":\"en-GB\",\"potentialAction\":[{\"@type\":\"ReadAction\",\"target\":[\"https:\\\/\\\/www.vision-components.com\\\/uebersetzung\\\/\"]}]},{\"@type\":\"BreadcrumbList\",\"@id\":\"https:\\\/\\\/www.vision-components.com\\\/uebersetzung\\\/#breadcrumb\",\"itemListElement\":[{\"@type\":\"ListItem\",\"position\":1,\"name\":\"Startseite\",\"item\":\"https:\\\/\\\/www.vision-components.com\\\/\"},{\"@type\":\"ListItem\",\"position\":2,\"name\":\"\u00dcbersetzung\"}]},{\"@type\":\"WebSite\",\"@id\":\"https:\\\/\\\/www.vision-components.com\\\/#website\",\"url\":\"https:\\\/\\\/www.vision-components.com\\\/\",\"name\":\"Vision Components\",\"description\":\"\",\"publisher\":{\"@id\":\"https:\\\/\\\/www.vision-components.com\\\/#organization\"},\"potentialAction\":[{\"@type\":\"SearchAction\",\"target\":{\"@type\":\"EntryPoint\",\"urlTemplate\":\"https:\\\/\\\/www.vision-components.com\\\/?s={search_term_string}\"},\"query-input\":{\"@type\":\"PropertyValueSpecification\",\"valueRequired\":true,\"valueName\":\"search_term_string\"}}],\"inLanguage\":\"en-GB\"},{\"@type\":\"Organization\",\"@id\":\"https:\\\/\\\/www.vision-components.com\\\/#organization\",\"name\":\"https:\\\/\\\/www.vision-components.com\",\"url\":\"https:\\\/\\\/www.vision-components.com\\\/\",\"logo\":{\"@type\":\"ImageObject\",\"inLanguage\":\"en-GB\",\"@id\":\"https:\\\/\\\/www.vision-components.com\\\/#\\\/schema\\\/logo\\\/image\\\/\",\"url\":\"https:\\\/\\\/www.vision-components.com\\\/wp-content\\\/uploads\\\/2023\\\/03\\\/logo_vc_Zeichenflache-1-03_Zeichenflache-1-03.svg\",\"contentUrl\":\"https:\\\/\\\/www.vision-components.com\\\/wp-content\\\/uploads\\\/2023\\\/03\\\/logo_vc_Zeichenflache-1-03_Zeichenflache-1-03.svg\",\"width\":1,\"height\":1,\"caption\":\"https:\\\/\\\/www.vision-components.com\"},\"image\":{\"@id\":\"https:\\\/\\\/www.vision-components.com\\\/#\\\/schema\\\/logo\\\/image\\\/\"},\"sameAs\":[\"https:\\\/\\\/www.facebook.com\\\/profile.php?id=100063500276571\",\"https:\\\/\\\/x.com\\\/VisionComponent\",\"https:\\\/\\\/www.linkedin.com\\\/company\\\/vision-components-gmbh\\\/\",\"https:\\\/\\\/www.youtube.com\\\/user\\\/VisionComponents\"]}]}<\/script>\n<!-- \/ Yoast SEO plugin. -->","yoast_head_json":{"title":"\u00dcbersetzung - Vision Components","robots":{"index":"index","follow":"nofollow","max-snippet":"max-snippet:-1","max-image-preview":"max-image-preview:large","max-video-preview":"max-video-preview:-1"},"canonical":"https:\/\/www.vision-components.com\/en\/uebersetzung\/","twitter_misc":{"Estimated reading time":"1 minute"},"schema":{"@context":"https:\/\/schema.org","@graph":[{"@type":"WebPage","@id":"https:\/\/www.vision-components.com\/uebersetzung\/","url":"https:\/\/www.vision-components.com\/uebersetzung\/","name":"\u00dcbersetzung - Vision Components","isPartOf":{"@id":"https:\/\/www.vision-components.com\/#website"},"datePublished":"2023-01-04T09:50:34+00:00","dateModified":"2024-06-27T13:01:51+00:00","breadcrumb":{"@id":"https:\/\/www.vision-components.com\/uebersetzung\/#breadcrumb"},"inLanguage":"en-GB","potentialAction":[{"@type":"ReadAction","target":["https:\/\/www.vision-components.com\/uebersetzung\/"]}]},{"@type":"BreadcrumbList","@id":"https:\/\/www.vision-components.com\/uebersetzung\/#breadcrumb","itemListElement":[{"@type":"ListItem","position":1,"name":"Startseite","item":"https:\/\/www.vision-components.com\/"},{"@type":"ListItem","position":2,"name":"\u00dcbersetzung"}]},{"@type":"WebSite","@id":"https:\/\/www.vision-components.com\/#website","url":"https:\/\/www.vision-components.com\/","name":"Vision Components","description":"","publisher":{"@id":"https:\/\/www.vision-components.com\/#organization"},"potentialAction":[{"@type":"SearchAction","target":{"@type":"EntryPoint","urlTemplate":"https:\/\/www.vision-components.com\/?s={search_term_string}"},"query-input":{"@type":"PropertyValueSpecification","valueRequired":true,"valueName":"search_term_string"}}],"inLanguage":"en-GB"},{"@type":"Organization","@id":"https:\/\/www.vision-components.com\/#organization","name":"https:\/\/www.vision-components.com","url":"https:\/\/www.vision-components.com\/","logo":{"@type":"ImageObject","inLanguage":"en-GB","@id":"https:\/\/www.vision-components.com\/#\/schema\/logo\/image\/","url":"https:\/\/www.vision-components.com\/wp-content\/uploads\/2023\/03\/logo_vc_Zeichenflache-1-03_Zeichenflache-1-03.svg","contentUrl":"https:\/\/www.vision-components.com\/wp-content\/uploads\/2023\/03\/logo_vc_Zeichenflache-1-03_Zeichenflache-1-03.svg","width":1,"height":1,"caption":"https:\/\/www.vision-components.com"},"image":{"@id":"https:\/\/www.vision-components.com\/#\/schema\/logo\/image\/"},"sameAs":["https:\/\/www.facebook.com\/profile.php?id=100063500276571","https:\/\/x.com\/VisionComponent","https:\/\/www.linkedin.com\/company\/vision-components-gmbh\/","https:\/\/www.youtube.com\/user\/VisionComponents"]}]}},"_links":{"self":[{"href":"https:\/\/www.vision-components.com\/en\/wp-json\/wp\/v2\/pages\/21704","targetHints":{"allow":["GET"]}}],"collection":[{"href":"https:\/\/www.vision-components.com\/en\/wp-json\/wp\/v2\/pages"}],"about":[{"href":"https:\/\/www.vision-components.com\/en\/wp-json\/wp\/v2\/types\/page"}],"author":[{"embeddable":true,"href":"https:\/\/www.vision-components.com\/en\/wp-json\/wp\/v2\/users\/1"}],"replies":[{"embeddable":true,"href":"https:\/\/www.vision-components.com\/en\/wp-json\/wp\/v2\/comments?post=21704"}],"version-history":[{"count":0,"href":"https:\/\/www.vision-components.com\/en\/wp-json\/wp\/v2\/pages\/21704\/revisions"}],"wp:attachment":[{"href":"https:\/\/www.vision-components.com\/en\/wp-json\/wp\/v2\/media?parent=21704"}],"curies":[{"name":"wp","href":"https:\/\/api.w.org\/{rel}","templated":true}]}}