{"id":6726,"date":"2022-03-10T09:40:26","date_gmt":"2022-03-10T08:40:26","guid":{"rendered":"http:\/\/transfer.vision-components.com\/?page_id=6726"},"modified":"2024-06-27T14:22:40","modified_gmt":"2024-06-27T12:22:40","slug":"3d-camera-systems","status":"publish","type":"page","link":"https:\/\/www.vision-components.com\/en\/produkte\/3d-kamerasysteme\/","title":{"rendered":"3D Camera Systems"},"content":{"rendered":"<div data-elementor-type=\"wp-page\" data-elementor-id=\"6726\" class=\"elementor elementor-6726\" data-elementor-post-type=\"page\">\n\t\t\t\t\t\t<section class=\"elementor-section elementor-top-section elementor-element elementor-element-764e8b59 vc-bg-blue-navy elementor-section-boxed elementor-section-height-default elementor-section-height-default\" data-id=\"764e8b59\" data-element_type=\"section\" data-e-type=\"section\">\n\t\t\t\t\t\t<div class=\"elementor-container elementor-column-gap-default\">\n\t\t\t\t\t<div class=\"elementor-column elementor-col-100 elementor-top-column elementor-element elementor-element-17c9f196 vc-content\" data-id=\"17c9f196\" data-element_type=\"column\" data-e-type=\"column\">\n\t\t\t<div class=\"elementor-widget-wrap elementor-element-populated\">\n\t\t\t\t\t\t<div class=\"elementor-element elementor-element-5f8b6cb2 elementor-widget elementor-widget-breadcrumbs\" data-id=\"5f8b6cb2\" data-element_type=\"widget\" data-e-type=\"widget\" data-widget_type=\"breadcrumbs.default\">\n\t\t\t\t<div class=\"elementor-widget-container\">\n\t\t\t\t\t<p id=\"breadcrumbs\"><span><span><a href=\"https:\/\/www.vision-components.com\/en\/\">Homepage<\/a><\/span><\/span><\/p>\t\t\t\t<\/div>\n\t\t\t\t<\/div>\n\t\t\t\t\t<\/div>\n\t\t<\/div>\n\t\t\t\t\t<\/div>\n\t\t<\/section>\n\t\t\t\t<section class=\"elementor-section elementor-top-section elementor-element elementor-element-c5adc18 vc-header-padding elementor-section-boxed elementor-section-height-default elementor-section-height-default\" data-id=\"c5adc18\" data-element_type=\"section\" data-e-type=\"section\">\n\t\t\t\t\t\t<div class=\"elementor-container elementor-column-gap-default\">\n\t\t\t\t\t<div class=\"elementor-column elementor-col-100 elementor-top-column elementor-element elementor-element-d9493d2 vc-content vc-content-padding\" data-id=\"d9493d2\" data-element_type=\"column\" data-e-type=\"column\">\n\t\t\t<div class=\"elementor-widget-wrap elementor-element-populated\">\n\t\t\t\t\t\t<section class=\"elementor-section elementor-inner-section elementor-element elementor-element-88f21c3 vc-header-2-container elementor-section-content-middle elementor-section-boxed elementor-section-height-default elementor-section-height-default\" data-id=\"88f21c3\" data-element_type=\"section\" data-e-type=\"section\">\n\t\t\t\t\t\t<div class=\"elementor-container elementor-column-gap-default\">\n\t\t\t\t\t<div class=\"elementor-column elementor-col-50 elementor-inner-column elementor-element elementor-element-6103cb9 vc-padding-16\" data-id=\"6103cb9\" data-element_type=\"column\" data-e-type=\"column\">\n\t\t\t<div class=\"elementor-widget-wrap elementor-element-populated\">\n\t\t\t\t\t\t<div class=\"elementor-element elementor-element-fdc0c1b vc-header-2-container-left elementor-widget-tablet__width-initial elementor-widget elementor-widget-heading\" data-id=\"fdc0c1b\" data-element_type=\"widget\" data-e-type=\"widget\" data-widget_type=\"heading.default\">\n\t\t\t\t<div class=\"elementor-widget-container\">\n\t\t\t\t\t<h1 class=\"elementor-heading-title elementor-size-default\">New dimensions:\n3D Profile Sensors<\/h1>\t\t\t\t<\/div>\n\t\t\t\t<\/div>\n\t\t\t\t\t<\/div>\n\t\t<\/div>\n\t\t\t\t<div class=\"elementor-column elementor-col-50 elementor-inner-column elementor-element elementor-element-c7d9602 vc-padding-16\" data-id=\"c7d9602\" data-element_type=\"column\" data-e-type=\"column\">\n\t\t\t<div class=\"elementor-widget-wrap elementor-element-populated\">\n\t\t\t\t\t\t<div class=\"elementor-element elementor-element-3f9dfcd elementor-widget elementor-widget-text-editor\" data-id=\"3f9dfcd\" data-element_type=\"widget\" data-e-type=\"widget\" data-widget_type=\"text-editor.default\">\n\t\t\t\t<div class=\"elementor-widget-container\">\n\t\t\t\t\t\t\t\t\tReady-to-use profile sensors, components for laser triangulation and 3D embedded vision systems: VC opens new dimensions for your applications!\t\t\t\t\t\t\t\t<\/div>\n\t\t\t\t<\/div>\n\t\t\t\t<div class=\"elementor-element elementor-element-09dc6b4 elementor-widget elementor-widget-html\" data-id=\"09dc6b4\" data-element_type=\"widget\" data-e-type=\"widget\" data-widget_type=\"html.default\">\n\t\t\t\t<div class=\"elementor-widget-container\">\n\t\t\t\t\t<div class=\"adminActions\">\n    <button class=\"vc-button vc-button-primary bg-darkgreen contact-button\" id=\"toggleButton\">\n        <span class=\"text-white contactText\">Contact us<\/span>\n        <i class=\"fa fa-crossout\" style=\"display: none;\"><\/i>\n        <i class=\"fa fa-paperplane\"><\/i>\n    <\/button>\n    <div class=\"adminButtons\" id=\"adminButtons\">\n    <a href=\"https:\/\/www.vision-components.com\/en\/contact\/\" title=\"Contact\" class=\"first-block\"><div class=\"bg-lightgrey\">Contact form<i class=\"fa fa-form-vc\"><\/i><\/div><\/a>\n    <a href=\"tel:+4972432167-0\" title=\"Call\"><div class=\"bg-lightgrey\">Call us<i class=\"fa fa-phone-vc\"><\/i><\/div><\/a>\n    <a href=\"mailto:info@vision-components.com\" title=\"Mail\"><div class=\"bg-lightgrey\">Email<i class=\"fa fa-email-vc\"><\/i><\/div><\/a>\n    <\/div>\n<\/div>\n\n    <script>\n   document.addEventListener(\"DOMContentLoaded\", function() {\n    const button = document.getElementById('toggleButton');\n    const adminButtons = document.querySelector('.adminButtons');\n    const contactButton = document.querySelector('.contact-button');\n    const cogIcon = button.querySelector('.fa-crossout');\n    const buildingIcon = button.querySelector('.fa-paperplane');\n    const adminLinks = adminButtons.querySelectorAll('a');\n    let isOn = false;\n\n    button.addEventListener('click', function() {\n        isOn = !isOn;\n        button.querySelector('span').textContent = isOn ? 'Kontakt aufnehmen' : 'Kontakt aufnehmen';\n        \n        if (isOn) {\n            adminButtons.classList.add('show', 'bg-white');\n            contactButton.classList.add('bg-lightgreen');\n            cogIcon.style.display = 'inline-flex';\n            buildingIcon.style.display = 'none';\n            adminLinks.forEach((link, index) => {\n                link.style.visibility = 'visible';\n                link.style.opacity = '1';\n                link.style.transitionDelay = `${0.15 + 0.05 * index}s`;\n            });\n        } else {\n            adminButtons.classList.remove('show', 'bg-white');\n            contactButton.classList.remove('bg-lightgreen');\n            cogIcon.style.display = 'none';\n            buildingIcon.style.display = 'inline-flex';\n            adminLinks.forEach((link) => {\n                link.style.visibility = 'hidden';\n                link.style.opacity = '0';\n                link.style.transitionDelay = '0s';\n            });\n        }\n    });\n});\n    <\/script>\t\t\t\t<\/div>\n\t\t\t\t<\/div>\n\t\t\t\t\t<\/div>\n\t\t<\/div>\n\t\t\t\t\t<\/div>\n\t\t<\/section>\n\t\t\t\t\t<\/div>\n\t\t<\/div>\n\t\t\t\t\t<\/div>\n\t\t<\/section>\n\t\t\t\t<section class=\"elementor-section elementor-top-section elementor-element elementor-element-7c1527e elementor-section-boxed elementor-section-height-default elementor-section-height-default\" data-id=\"7c1527e\" data-element_type=\"section\" data-e-type=\"section\" data-settings=\"{&quot;background_background&quot;:&quot;classic&quot;}\">\n\t\t\t\t\t\t<div class=\"elementor-container elementor-column-gap-default\">\n\t\t\t\t\t<div class=\"elementor-column elementor-col-100 elementor-top-column elementor-element elementor-element-2af8dba vc-content vc-content-padding\" data-id=\"2af8dba\" data-element_type=\"column\" data-e-type=\"column\">\n\t\t\t<div class=\"elementor-widget-wrap elementor-element-populated\">\n\t\t\t\t\t\t<section class=\"elementor-section elementor-inner-section elementor-element elementor-element-b3b34fc elementor-section-boxed elementor-section-height-default elementor-section-height-default\" data-id=\"b3b34fc\" data-element_type=\"section\" data-e-type=\"section\">\n\t\t\t\t\t\t<div class=\"elementor-container elementor-column-gap-default\">\n\t\t\t\t\t<div class=\"elementor-column elementor-col-100 elementor-inner-column elementor-element elementor-element-e2834df\" data-id=\"e2834df\" data-element_type=\"column\" data-e-type=\"column\">\n\t\t\t<div class=\"elementor-widget-wrap elementor-element-populated\">\n\t\t\t\t\t\t<div data-dce-title-color=\"#001475\" class=\"elementor-element elementor-element-9e6920b elementor-cta--layout-image-right elementor-cta--valign-middle elementor-cta--mobile-layout-image-above elementor-cta--skin-classic elementor-animated-content elementor-widget elementor-widget-call-to-action\" data-id=\"9e6920b\" data-element_type=\"widget\" data-e-type=\"widget\" data-widget_type=\"call-to-action.default\">\n\t\t\t\t<div class=\"elementor-widget-container\">\n\t\t\t\t\t\t\t<div class=\"elementor-cta\">\n\t\t\t\t\t<div class=\"elementor-cta__bg-wrapper\">\n\t\t\t\t<div class=\"elementor-cta__bg elementor-bg\" style=\"background-image: url(https:\/\/www.vision-components.com\/wp-content\/uploads\/2023\/02\/VC_nano3dz_Laser_V1_AE-1024x731.png);\" role=\"img\" aria-label=\"Profilsensor VC nano 3D Z\"><\/div>\n\t\t\t\t<div class=\"elementor-cta__bg-overlay\"><\/div>\n\t\t\t<\/div>\n\t\t\t\t\t\t\t<div class=\"elementor-cta__content\">\n\t\t\t\t\n\t\t\t\t\t\t\t\t\t<h2 class=\"elementor-cta__title elementor-cta__content-item elementor-content-item\">\n\t\t\t\t\t\tVC nano 3D-Z\t\t\t\t\t<\/h2>\n\t\t\t\t\n\t\t\t\t\t\t\t\t\t<div class=\"elementor-cta__description elementor-cta__content-item elementor-content-item\">\n\t\t\t\t\t\tOur modular triangulation sensors with blue laser are specially developed for OEM applications. With their modular design, they are quick and easy to integrate.\t\t\t\t\t<\/div>\n\t\t\t\t\n\t\t\t\t\t\t\t\t\t<div class=\"elementor-cta__button-wrapper elementor-cta__content-item elementor-content-item\">\n\t\t\t\t\t<a class=\"elementor-cta__button elementor-button elementor-size-\" href=\"https:\/\/www.vision-components.com\/en\/produkte\/3d-kamerasysteme\/profilsensoren\/\">\n\t\t\t\t\t\tLearn more\t\t\t\t\t<\/a>\n\t\t\t\t\t<\/div>\n\t\t\t\t\t\t\t<\/div>\n\t\t\t\t\t\t<\/div>\n\t\t\t\t\t\t<\/div>\n\t\t\t\t<\/div>\n\t\t\t\t\t<\/div>\n\t\t<\/div>\n\t\t\t\t\t<\/div>\n\t\t<\/section>\n\t\t\t\t\t<\/div>\n\t\t<\/div>\n\t\t\t\t\t<\/div>\n\t\t<\/section>\n\t\t\t\t<section class=\"elementor-section elementor-top-section elementor-element elementor-element-58c3b0b elementor-section-boxed elementor-section-height-default elementor-section-height-default\" data-id=\"58c3b0b\" data-element_type=\"section\" data-e-type=\"section\">\n\t\t\t\t\t\t<div class=\"elementor-container elementor-column-gap-default\">\n\t\t\t\t\t<div class=\"elementor-column elementor-col-100 elementor-top-column elementor-element elementor-element-e8040d6 vc-content vc-content-padding\" data-id=\"e8040d6\" data-element_type=\"column\" data-e-type=\"column\">\n\t\t\t<div class=\"elementor-widget-wrap elementor-element-populated\">\n\t\t\t\t\t\t<section class=\"elementor-section elementor-inner-section elementor-element elementor-element-eee727e elementor-section-boxed elementor-section-height-default elementor-section-height-default\" data-id=\"eee727e\" data-element_type=\"section\" data-e-type=\"section\">\n\t\t\t\t\t\t<div class=\"elementor-container elementor-column-gap-default\">\n\t\t\t\t\t<div class=\"elementor-column elementor-col-100 elementor-inner-column elementor-element elementor-element-cff4e6a\" data-id=\"cff4e6a\" data-element_type=\"column\" data-e-type=\"column\">\n\t\t\t<div class=\"elementor-widget-wrap elementor-element-populated\">\n\t\t\t\t\t\t<div data-dce-title-color=\"#001475\" class=\"elementor-element elementor-element-0e10d4a elementor-cta--layout-image-left elementor-cta--valign-middle elementor-cta--mobile-layout-image-above elementor-cta--skin-classic elementor-animated-content elementor-widget elementor-widget-call-to-action\" data-id=\"0e10d4a\" data-element_type=\"widget\" data-e-type=\"widget\" data-widget_type=\"call-to-action.default\">\n\t\t\t\t<div class=\"elementor-widget-container\">\n\t\t\t\t\t\t\t<div class=\"elementor-cta\">\n\t\t\t\t\t<div class=\"elementor-cta__bg-wrapper\">\n\t\t\t\t<div class=\"elementor-cta__bg elementor-bg\" style=\"background-image: url(https:\/\/www.vision-components.com\/wp-content\/uploads\/2022\/09\/3d-laser-profiler-vc-pico-smart-3d-white-1024x732.jpg);\" role=\"img\" aria-label=\"3D Kamerasystem VC picoSmart 3D\"><\/div>\n\t\t\t\t<div class=\"elementor-cta__bg-overlay\"><\/div>\n\t\t\t<\/div>\n\t\t\t\t\t\t\t<div class=\"elementor-cta__content\">\n\t\t\t\t\n\t\t\t\t\t\t\t\t\t<h2 class=\"elementor-cta__title elementor-cta__content-item elementor-content-item\">\n\t\t\t\t\t\tVC picoSmart 3D\t\t\t\t\t<\/h2>\n\t\t\t\t\n\t\t\t\t\t\t\t\t\t<div class=\"elementor-cta__description elementor-cta__content-item elementor-content-item\">\n\t\t\t\t\t\tThe world\u2019s smallest embedded vision system, combined with our proven line laser module: VC picoSmart 3D is the ideal basis for fast and cost-effective development of individual OEM 3D sensors. Available completely ready for use or as an individual kit.\t\t\t\t\t<\/div>\n\t\t\t\t\n\t\t\t\t\t\t\t\t\t<div class=\"elementor-cta__button-wrapper elementor-cta__content-item elementor-content-item\">\n\t\t\t\t\t<a class=\"elementor-cta__button elementor-button elementor-size-\" href=\"https:\/\/www.vision-components.com\/en\/products\/3d-camera-systems\/vc-picosmart-3d\/\">\n\t\t\t\t\t\tLearn more\t\t\t\t\t<\/a>\n\t\t\t\t\t<\/div>\n\t\t\t\t\t\t\t<\/div>\n\t\t\t\t\t\t<\/div>\n\t\t\t\t\t\t<\/div>\n\t\t\t\t<\/div>\n\t\t\t\t\t<\/div>\n\t\t<\/div>\n\t\t\t\t\t<\/div>\n\t\t<\/section>\n\t\t\t\t\t<\/div>\n\t\t<\/div>\n\t\t\t\t\t<\/div>\n\t\t<\/section>\n\t\t\t\t<\/div>","protected":false},"excerpt":{"rendered":"<p>Neue Dimensionen: 3D-Profilsensoren Einsatzfertige Profilsensoren, Komponenten f\u00fcr die Lasertriangulation und 3D Embedded Vision Systeme: VC er\u00f6ffnet neue Dimensionen f\u00fcr Ihre Anwendungen! Kontakt aufnehmen Kontaktformular Anruf E-Mail VC nano 3D-Z Unsere modularen Triangulationssensoren mit blauem Laser sind speziell f\u00fcr OEM-Anwendungen entwickelt und dank des modularen Designs schnell und einfach zu integrieren. Erfahren Sie mehr VC picoSmart [&hellip;]<\/p>\n","protected":false},"author":4,"featured_media":22276,"parent":1242,"menu_order":4,"comment_status":"closed","ping_status":"closed","template":"","meta":{"_acf_changed":false,"inline_featured_image":false,"schema_is_product":false,"footnotes":""},"class_list":["post-6726","page","type-page","status-publish","has-post-thumbnail","hentry"],"acf":[],"yoast_head":"<!-- This site is optimized with the Yoast SEO plugin v27.4 - https:\/\/yoast.com\/product\/yoast-seo-wordpress\/ -->\n<title>3D-Profilsensoren | 3D Embedded Vision Systeme<\/title>\n<meta name=\"description\" content=\"Unsere 3D Profilsensoren und 3D Embedded Vision Systeme sind ideal f\u00fcr die schnelle und kosteng\u00fcnstige Entwicklung individueller OEM 3D-Sensoren.\" \/>\n<meta name=\"robots\" content=\"index, follow, max-snippet:-1, max-image-preview:large, max-video-preview:-1\" \/>\n<link rel=\"canonical\" href=\"https:\/\/www.vision-components.com\/en\/products\/3d-camera-systems\/\" \/>\n<meta name=\"twitter:label1\" content=\"Estimated reading time\" \/>\n\t<meta name=\"twitter:data1\" content=\"1 minute\" \/>\n<script type=\"application\/ld+json\" class=\"yoast-schema-graph\">{\"@context\":\"https:\\\/\\\/schema.org\",\"@graph\":[{\"@type\":\"WebPage\",\"@id\":\"https:\\\/\\\/www.vision-components.com\\\/produkte\\\/3d-kamerasysteme\\\/\",\"url\":\"https:\\\/\\\/www.vision-components.com\\\/produkte\\\/3d-kamerasysteme\\\/\",\"name\":\"3D-Profilsensoren | 3D Embedded Vision Systeme\",\"isPartOf\":{\"@id\":\"https:\\\/\\\/www.vision-components.com\\\/#website\"},\"primaryImageOfPage\":{\"@id\":\"https:\\\/\\\/www.vision-components.com\\\/produkte\\\/3d-kamerasysteme\\\/#primaryimage\"},\"image\":{\"@id\":\"https:\\\/\\\/www.vision-components.com\\\/produkte\\\/3d-kamerasysteme\\\/#primaryimage\"},\"thumbnailUrl\":\"https:\\\/\\\/www.vision-components.com\\\/wp-content\\\/uploads\\\/2023\\\/02\\\/VC_nano3dz_Laser_V1_AE.png\",\"datePublished\":\"2022-03-10T08:40:26+00:00\",\"dateModified\":\"2024-06-27T12:22:40+00:00\",\"description\":\"Unsere 3D Profilsensoren und 3D Embedded Vision Systeme sind ideal f\u00fcr die schnelle und kosteng\u00fcnstige Entwicklung individueller OEM 3D-Sensoren.\",\"breadcrumb\":{\"@id\":\"https:\\\/\\\/www.vision-components.com\\\/produkte\\\/3d-kamerasysteme\\\/#breadcrumb\"},\"inLanguage\":\"en-GB\",\"potentialAction\":[{\"@type\":\"ReadAction\",\"target\":[\"https:\\\/\\\/www.vision-components.com\\\/produkte\\\/3d-kamerasysteme\\\/\"]}]},{\"@type\":\"ImageObject\",\"inLanguage\":\"en-GB\",\"@id\":\"https:\\\/\\\/www.vision-components.com\\\/produkte\\\/3d-kamerasysteme\\\/#primaryimage\",\"url\":\"https:\\\/\\\/www.vision-components.com\\\/wp-content\\\/uploads\\\/2023\\\/02\\\/VC_nano3dz_Laser_V1_AE.png\",\"contentUrl\":\"https:\\\/\\\/www.vision-components.com\\\/wp-content\\\/uploads\\\/2023\\\/02\\\/VC_nano3dz_Laser_V1_AE.png\",\"width\":1600,\"height\":1143,\"caption\":\"Profilsensor VC nano 3D Z\"},{\"@type\":\"BreadcrumbList\",\"@id\":\"https:\\\/\\\/www.vision-components.com\\\/produkte\\\/3d-kamerasysteme\\\/#breadcrumb\",\"itemListElement\":[{\"@type\":\"ListItem\",\"position\":1,\"name\":\"Startseite\",\"item\":\"https:\\\/\\\/www.vision-components.com\\\/\"},{\"@type\":\"ListItem\",\"position\":2,\"name\":\"Produkte\",\"item\":\"https:\\\/\\\/www.vision-components.com\\\/produkte\\\/\"},{\"@type\":\"ListItem\",\"position\":3,\"name\":\"3D-Profilsensoren\"}]},{\"@type\":\"WebSite\",\"@id\":\"https:\\\/\\\/www.vision-components.com\\\/#website\",\"url\":\"https:\\\/\\\/www.vision-components.com\\\/\",\"name\":\"Vision Components\",\"description\":\"\",\"publisher\":{\"@id\":\"https:\\\/\\\/www.vision-components.com\\\/#organization\"},\"potentialAction\":[{\"@type\":\"SearchAction\",\"target\":{\"@type\":\"EntryPoint\",\"urlTemplate\":\"https:\\\/\\\/www.vision-components.com\\\/?s={search_term_string}\"},\"query-input\":{\"@type\":\"PropertyValueSpecification\",\"valueRequired\":true,\"valueName\":\"search_term_string\"}}],\"inLanguage\":\"en-GB\"},{\"@type\":\"Organization\",\"@id\":\"https:\\\/\\\/www.vision-components.com\\\/#organization\",\"name\":\"https:\\\/\\\/www.vision-components.com\",\"url\":\"https:\\\/\\\/www.vision-components.com\\\/\",\"logo\":{\"@type\":\"ImageObject\",\"inLanguage\":\"en-GB\",\"@id\":\"https:\\\/\\\/www.vision-components.com\\\/#\\\/schema\\\/logo\\\/image\\\/\",\"url\":\"https:\\\/\\\/www.vision-components.com\\\/wp-content\\\/uploads\\\/2023\\\/03\\\/logo_vc_Zeichenflache-1-03_Zeichenflache-1-03.svg\",\"contentUrl\":\"https:\\\/\\\/www.vision-components.com\\\/wp-content\\\/uploads\\\/2023\\\/03\\\/logo_vc_Zeichenflache-1-03_Zeichenflache-1-03.svg\",\"width\":1,\"height\":1,\"caption\":\"https:\\\/\\\/www.vision-components.com\"},\"image\":{\"@id\":\"https:\\\/\\\/www.vision-components.com\\\/#\\\/schema\\\/logo\\\/image\\\/\"},\"sameAs\":[\"https:\\\/\\\/www.facebook.com\\\/profile.php?id=100063500276571\",\"https:\\\/\\\/x.com\\\/VisionComponent\",\"https:\\\/\\\/www.linkedin.com\\\/company\\\/vision-components-gmbh\\\/\",\"https:\\\/\\\/www.youtube.com\\\/user\\\/VisionComponents\"]}]}<\/script>\n<!-- \/ Yoast SEO plugin. -->","yoast_head_json":{"title":"3D Laser Profilers| 3D Embedded Vision Systems","description":"Our 3D profile sensors and 3D embedded vision systems are ideal for fast and cost-effective development of individual OEM 3D sensors.","robots":{"index":"index","follow":"follow","max-snippet":"max-snippet:-1","max-image-preview":"max-image-preview:large","max-video-preview":"max-video-preview:-1"},"canonical":"https:\/\/www.vision-components.com\/en\/products\/3d-camera-systems\/","twitter_misc":{"Estimated reading time":"1 minute"},"schema":{"@context":"https:\/\/schema.org","@graph":[{"@type":"WebPage","@id":"https:\/\/www.vision-components.com\/produkte\/3d-kamerasysteme\/","url":"https:\/\/www.vision-components.com\/produkte\/3d-kamerasysteme\/","name":"3D Laser Profilers| 3D Embedded Vision Systems","isPartOf":{"@id":"https:\/\/www.vision-components.com\/#website"},"primaryImageOfPage":{"@id":"https:\/\/www.vision-components.com\/produkte\/3d-kamerasysteme\/#primaryimage"},"image":{"@id":"https:\/\/www.vision-components.com\/produkte\/3d-kamerasysteme\/#primaryimage"},"thumbnailUrl":"https:\/\/www.vision-components.com\/wp-content\/uploads\/2023\/02\/VC_nano3dz_Laser_V1_AE.png","datePublished":"2022-03-10T08:40:26+00:00","dateModified":"2024-06-27T12:22:40+00:00","description":"Our 3D profile sensors and 3D embedded vision systems are ideal for fast and cost-effective development of individual OEM 3D sensors.","breadcrumb":{"@id":"https:\/\/www.vision-components.com\/produkte\/3d-kamerasysteme\/#breadcrumb"},"inLanguage":"en-GB","potentialAction":[{"@type":"ReadAction","target":["https:\/\/www.vision-components.com\/produkte\/3d-kamerasysteme\/"]}]},{"@type":"ImageObject","inLanguage":"en-GB","@id":"https:\/\/www.vision-components.com\/produkte\/3d-kamerasysteme\/#primaryimage","url":"https:\/\/www.vision-components.com\/wp-content\/uploads\/2023\/02\/VC_nano3dz_Laser_V1_AE.png","contentUrl":"https:\/\/www.vision-components.com\/wp-content\/uploads\/2023\/02\/VC_nano3dz_Laser_V1_AE.png","width":1600,"height":1143,"caption":"Profilsensor VC nano 3D Z"},{"@type":"BreadcrumbList","@id":"https:\/\/www.vision-components.com\/produkte\/3d-kamerasysteme\/#breadcrumb","itemListElement":[{"@type":"ListItem","position":1,"name":"Startseite","item":"https:\/\/www.vision-components.com\/"},{"@type":"ListItem","position":2,"name":"Produkte","item":"https:\/\/www.vision-components.com\/produkte\/"},{"@type":"ListItem","position":3,"name":"3D-Profilsensoren"}]},{"@type":"WebSite","@id":"https:\/\/www.vision-components.com\/#website","url":"https:\/\/www.vision-components.com\/","name":"Vision Components","description":"","publisher":{"@id":"https:\/\/www.vision-components.com\/#organization"},"potentialAction":[{"@type":"SearchAction","target":{"@type":"EntryPoint","urlTemplate":"https:\/\/www.vision-components.com\/?s={search_term_string}"},"query-input":{"@type":"PropertyValueSpecification","valueRequired":true,"valueName":"search_term_string"}}],"inLanguage":"en-GB"},{"@type":"Organization","@id":"https:\/\/www.vision-components.com\/#organization","name":"https:\/\/www.vision-components.com","url":"https:\/\/www.vision-components.com\/","logo":{"@type":"ImageObject","inLanguage":"en-GB","@id":"https:\/\/www.vision-components.com\/#\/schema\/logo\/image\/","url":"https:\/\/www.vision-components.com\/wp-content\/uploads\/2023\/03\/logo_vc_Zeichenflache-1-03_Zeichenflache-1-03.svg","contentUrl":"https:\/\/www.vision-components.com\/wp-content\/uploads\/2023\/03\/logo_vc_Zeichenflache-1-03_Zeichenflache-1-03.svg","width":1,"height":1,"caption":"https:\/\/www.vision-components.com"},"image":{"@id":"https:\/\/www.vision-components.com\/#\/schema\/logo\/image\/"},"sameAs":["https:\/\/www.facebook.com\/profile.php?id=100063500276571","https:\/\/x.com\/VisionComponent","https:\/\/www.linkedin.com\/company\/vision-components-gmbh\/","https:\/\/www.youtube.com\/user\/VisionComponents"]}]}},"_links":{"self":[{"href":"https:\/\/www.vision-components.com\/en\/wp-json\/wp\/v2\/pages\/6726","targetHints":{"allow":["GET"]}}],"collection":[{"href":"https:\/\/www.vision-components.com\/en\/wp-json\/wp\/v2\/pages"}],"about":[{"href":"https:\/\/www.vision-components.com\/en\/wp-json\/wp\/v2\/types\/page"}],"author":[{"embeddable":true,"href":"https:\/\/www.vision-components.com\/en\/wp-json\/wp\/v2\/users\/4"}],"replies":[{"embeddable":true,"href":"https:\/\/www.vision-components.com\/en\/wp-json\/wp\/v2\/comments?post=6726"}],"version-history":[{"count":0,"href":"https:\/\/www.vision-components.com\/en\/wp-json\/wp\/v2\/pages\/6726\/revisions"}],"up":[{"embeddable":true,"href":"https:\/\/www.vision-components.com\/en\/wp-json\/wp\/v2\/pages\/1242"}],"wp:featuredmedia":[{"embeddable":true,"href":"https:\/\/www.vision-components.com\/en\/wp-json\/wp\/v2\/media\/22276"}],"wp:attachment":[{"href":"https:\/\/www.vision-components.com\/en\/wp-json\/wp\/v2\/media?parent=6726"}],"curies":[{"name":"wp","href":"https:\/\/api.w.org\/{rel}","templated":true}]}}